{"id":209649,"date":"2022-01-28T09:39:12","date_gmt":"2022-01-28T09:39:12","guid":{"rendered":"http:\/\/aepona.es\/?page_id=209649"},"modified":"2025-02-27T16:31:58","modified_gmt":"2025-02-27T15:31:58","slug":"contacto","status":"publish","type":"page","link":"https:\/\/aepona.es\/index.php\/contacto\/","title":{"rendered":"CONTACTO"},"content":{"rendered":"<p>[et_pb_section fb_built=\u00bb1&#8243; next_background_color=\u00bb#ffffff\u00bb _builder_version=\u00bb4.20.0&#8243; use_background_color_gradient=\u00bbon\u00bb background_color_gradient_type=\u00bbcircular\u00bb background_color_gradient_direction_radial=\u00bbtop left\u00bb background_color_gradient_stops=\u00bbrgba(244,244,244,0.34) 0%|#ffffff 100%\u00bb background_color_gradient_overlays_image=\u00bbon\u00bb background_color_gradient_start=\u00bbrgba(255,227,208,0.7)\u00bb background_color_gradient_start_position=\u00bb50%\u00bb background_color_gradient_end=\u00bbrgba(255,227,208,0.3)\u00bb background_image=\u00bbhttps:\/\/aepona.es\/wp-content\/uploads\/2022\/09\/Diseno-sin-titulo-15.png\u00bb custom_margin=\u00bb||||false\u00bb custom_padding=\u00bb14vw||4vw||false|false\u00bb bottom_divider_style=\u00bbcurve\u00bb bottom_divider_height=\u00bb2.5vw\u00bb global_colors_info=\u00bb{}\u00bb][et_pb_row _builder_version=\u00bb4.16&#8243; animation_style=\u00bbfade\u00bb global_colors_info=\u00bb{}\u00bb][et_pb_column type=\u00bb4_4&#8243; _builder_version=\u00bb4.16&#8243; custom_padding=\u00bb|||\u00bb global_colors_info=\u00bb{}\u00bb custom_padding__hover=\u00bb|||\u00bb][et_pb_text _builder_version=\u00bb4.20.0&#8243; text_font=\u00bb||||||||\u00bb text_text_color=\u00bb#0C4447&#8243; text_font_size=\u00bb18px\u00bb text_line_height=\u00bb2em\u00bb header_font=\u00bbMontserrat||||||||\u00bb header_text_color=\u00bb#0C4447&#8243; header_font_size=\u00bb50px\u00bb header_line_height=\u00bb1.4em\u00bb text_orientation=\u00bbcenter\u00bb max_width=\u00bb700px\u00bb module_alignment=\u00bbcenter\u00bb header_font_size_tablet=\u00bb40px\u00bb header_font_size_phone=\u00bb32px\u00bb header_font_size_last_edited=\u00bbon|desktop\u00bb global_colors_info=\u00bb{}\u00bb]<\/p>\n<h1>Contacto<\/h1>\n<p>\u00bfHablamos?<\/p>\n<p>[\/et_pb_text][\/et_pb_column][\/et_pb_row][\/et_pb_section][et_pb_section fb_built=\u00bb1&#8243; admin_label=\u00bbFooter\u00bb _builder_version=\u00bb4.16&#8243; global_colors_info=\u00bb{}\u00bb][et_pb_row column_structure=\u00bb1_5,3_5,1_5&#8243; _builder_version=\u00bb4.16&#8243; global_colors_info=\u00bb{}\u00bb][et_pb_column type=\u00bb1_5&#8243; _builder_version=\u00bb4.16&#8243; custom_padding=\u00bb|||\u00bb global_colors_info=\u00bb{}\u00bb custom_padding__hover=\u00bb|||\u00bb][\/et_pb_column][et_pb_column type=\u00bb3_5&#8243; _builder_version=\u00bb4.16&#8243; custom_padding=\u00bb|||\u00bb global_colors_info=\u00bb{}\u00bb custom_padding__hover=\u00bb|||\u00bb][et_pb_text _builder_version=\u00bb4.20.0&#8243; _module_preset=\u00bbdefault\u00bb header_4_text_color=\u00bb#2DC9BF\u00bb custom_margin=\u00bb||-26px|||\u00bb global_colors_info=\u00bb{}\u00bb]<\/p>\n<h4 style=\"text-align: center;\">Si tienes alguna duda o quieres formar parte de AEPONA, puedes contactar con nosotros rellenando el siguiente formulario.<\/h4>\n<p>[\/et_pb_text][\/et_pb_column][et_pb_column type=\u00bb1_5&#8243; _builder_version=\u00bb4.16&#8243; custom_padding=\u00bb|||\u00bb global_colors_info=\u00bb{}\u00bb custom_padding__hover=\u00bb|||\u00bb][\/et_pb_column][\/et_pb_row][et_pb_row column_structure=\u00bb1_5,3_5,1_5&#8243; _builder_version=\u00bb4.16&#8243; locked=\u00bboff\u00bb global_colors_info=\u00bb{}\u00bb][et_pb_column type=\u00bb1_5&#8243; _builder_version=\u00bb4.16&#8243; custom_padding=\u00bb|||\u00bb global_colors_info=\u00bb{}\u00bb custom_padding__hover=\u00bb|||\u00bb][\/et_pb_column][et_pb_column type=\u00bb3_5&#8243; _builder_version=\u00bb4.16&#8243; custom_padding=\u00bb|||\u00bb global_colors_info=\u00bb{}\u00bb custom_padding__hover=\u00bb|||\u00bb][et_pb_text _builder_version=\u00bb4.25.1&#8243; _module_preset=\u00bbdefault\u00bb text_font_size=\u00bb11px\u00bb global_colors_info=\u00bb{}\u00bb]<\/p>\n<p><em><strong>*<\/strong> Antes de enviar el formulario de contacto con sus datos, debe leer la informaci\u00f3n completa sobre protecci\u00f3n de datos <a href=\"https:\/\/aepona.es\/index.php\/privacidad\/\">+info<\/a><\/em><\/p>\n<p>[\/et_pb_text][et_pb_contact_form captcha=\u00bboff\u00bb email=\u00bbhola@aepona.es\u00bb custom_message=\u00bbNuevo mensaje:||et_pb_line_break_holder||||et_pb_line_break_holder||De: %%Nombre%%||et_pb_line_break_holder||Correo electr\u00f3nico: %%mail%%||et_pb_line_break_holder||Mensaje: %%mensaje%%||et_pb_line_break_holder||Acepta privacidad: %%Privacidad%%||et_pb_line_break_holder||Acepta comunicaciones: %%comunicaciones%%\u00bb success_message=\u00bbGracias por contactar con AEPONA, en breve daremos respuesta a tu mensaje.\u00bb submit_button_text=\u00bbENVIAR\u00bb _builder_version=\u00bb4.27.4&#8243; _module_preset=\u00bbdefault\u00bb _unique_id=\u00bba0d6b260-6921-4182-abbf-c731b0df3027&#8243; form_field_background_color=\u00bbrgba(242,245,181,0.22)\u00bb form_field_text_color=\u00bb#0C4447&#8243; form_field_focus_background_color=\u00bbrgba(34,221,204,0.23)\u00bb form_field_focus_text_color=\u00bb#000000&#8243; custom_button=\u00bbon\u00bb button_text_size=\u00bb14px\u00bb button_text_color=\u00bb#F2F5B5&#8243; button_bg_color=\u00bb#2DC9BF\u00bb button_border_color=\u00bbRGBA(255,255,255,0)\u00bb button_border_radius=\u00bb100px\u00bb button_letter_spacing=\u00bb2px\u00bb button_font=\u00bbMontserrat|||on|||||\u00bb hover_enabled=\u00bb0&#8243; box_shadow_style_button=\u00bbpreset3&#8243; box_shadow_color_button=\u00bbrgba(127,141,255,0.4)\u00bb global_colors_info=\u00bb{}\u00bb sticky_enabled=\u00bb0&#8243;][et_pb_contact_field field_id=\u00bbNombre\u00bb field_title=\u00bbNombre\u00bb _builder_version=\u00bb4.18.0&#8243; global_colors_info=\u00bb{}\u00bb button_text_size__hover_enabled=\u00bboff\u00bb button_one_text_size__hover_enabled=\u00bboff\u00bb button_two_text_size__hover_enabled=\u00bboff\u00bb button_text_color__hover_enabled=\u00bboff\u00bb button_one_text_color__hover_enabled=\u00bboff\u00bb button_two_text_color__hover_enabled=\u00bboff\u00bb button_border_width__hover_enabled=\u00bboff\u00bb button_one_border_width__hover_enabled=\u00bboff\u00bb button_two_border_width__hover_enabled=\u00bboff\u00bb button_border_color__hover_enabled=\u00bboff\u00bb button_one_border_color__hover_enabled=\u00bboff\u00bb button_two_border_color__hover_enabled=\u00bboff\u00bb button_border_radius__hover_enabled=\u00bboff\u00bb button_one_border_radius__hover_enabled=\u00bboff\u00bb button_two_border_radius__hover_enabled=\u00bboff\u00bb button_letter_spacing__hover_enabled=\u00bboff\u00bb button_one_letter_spacing__hover_enabled=\u00bboff\u00bb button_two_letter_spacing__hover_enabled=\u00bboff\u00bb button_bg_color__hover_enabled=\u00bboff\u00bb button_one_bg_color__hover_enabled=\u00bboff\u00bb button_two_bg_color__hover_enabled=\u00bboff\u00bb][\/et_pb_contact_field][et_pb_contact_field field_id=\u00bbmail\u00bb field_title=\u00bbDirecci\u00f3n de correo electr\u00f3nico\u00bb field_type=\u00bbemail\u00bb _builder_version=\u00bb4.18.0&#8243; global_colors_info=\u00bb{}\u00bb button_text_size__hover_enabled=\u00bboff\u00bb button_one_text_size__hover_enabled=\u00bboff\u00bb button_two_text_size__hover_enabled=\u00bboff\u00bb button_text_color__hover_enabled=\u00bboff\u00bb button_one_text_color__hover_enabled=\u00bboff\u00bb button_two_text_color__hover_enabled=\u00bboff\u00bb button_border_width__hover_enabled=\u00bboff\u00bb button_one_border_width__hover_enabled=\u00bboff\u00bb button_two_border_width__hover_enabled=\u00bboff\u00bb button_border_color__hover_enabled=\u00bboff\u00bb button_one_border_color__hover_enabled=\u00bboff\u00bb button_two_border_color__hover_enabled=\u00bboff\u00bb button_border_radius__hover_enabled=\u00bboff\u00bb button_one_border_radius__hover_enabled=\u00bboff\u00bb button_two_border_radius__hover_enabled=\u00bboff\u00bb button_letter_spacing__hover_enabled=\u00bboff\u00bb button_one_letter_spacing__hover_enabled=\u00bboff\u00bb button_two_letter_spacing__hover_enabled=\u00bboff\u00bb button_bg_color__hover_enabled=\u00bboff\u00bb button_one_bg_color__hover_enabled=\u00bboff\u00bb button_two_bg_color__hover_enabled=\u00bboff\u00bb][\/et_pb_contact_field][et_pb_contact_field field_id=\u00bbmensaje\u00bb field_title=\u00bbMensaje\u00bb field_type=\u00bbtext\u00bb fullwidth_field=\u00bbon\u00bb _builder_version=\u00bb4.18.0&#8243; global_colors_info=\u00bb{}\u00bb button_text_size__hover_enabled=\u00bboff\u00bb button_one_text_size__hover_enabled=\u00bboff\u00bb button_two_text_size__hover_enabled=\u00bboff\u00bb button_text_color__hover_enabled=\u00bboff\u00bb button_one_text_color__hover_enabled=\u00bboff\u00bb button_two_text_color__hover_enabled=\u00bboff\u00bb button_border_width__hover_enabled=\u00bboff\u00bb button_one_border_width__hover_enabled=\u00bboff\u00bb button_two_border_width__hover_enabled=\u00bboff\u00bb button_border_color__hover_enabled=\u00bboff\u00bb button_one_border_color__hover_enabled=\u00bboff\u00bb button_two_border_color__hover_enabled=\u00bboff\u00bb button_border_radius__hover_enabled=\u00bboff\u00bb button_one_border_radius__hover_enabled=\u00bboff\u00bb button_two_border_radius__hover_enabled=\u00bboff\u00bb button_letter_spacing__hover_enabled=\u00bboff\u00bb button_one_letter_spacing__hover_enabled=\u00bboff\u00bb button_two_letter_spacing__hover_enabled=\u00bboff\u00bb button_bg_color__hover_enabled=\u00bboff\u00bb button_one_bg_color__hover_enabled=\u00bboff\u00bb button_two_bg_color__hover_enabled=\u00bboff\u00bb][\/et_pb_contact_field][et_pb_contact_field field_id=\u00bbPrivacidad\u00bb field_title=\u00bbPol\u00edtica de privacidad:\u00bb field_type=\u00bbcheckbox\u00bb checkbox_options=\u00bb%91{%22value%22:%22He le\u00eddo la pol\u00edtica de privacidad y acepto el tratamiento de mis datos para la prestaci\u00f3n del servicio solicitado%22,%22checked%22:0,%22dragID%22:-1,%22link_url%22:%22%22,%22link_text%22:%22%22}%93&#8243; fullwidth_field=\u00bbon\u00bb _builder_version=\u00bb4.25.1&#8243; _module_preset=\u00bbdefault\u00bb form_field_background_color=\u00bb#F2F5B5&#8243; form_field_text_color=\u00bb#2DC9BF\u00bb form_field_focus_background_color=\u00bb#FFFFFF\u00bb form_field_focus_text_color=\u00bb#FFFFFF\u00bb form_field_font_size=\u00bb12px\u00bb link_option_url=\u00bbhttps:\/\/aepona.es\/index.php\/privacidad\/\u00bb link_option_url_new_window=\u00bbon\u00bb global_colors_info=\u00bb{}\u00bb][\/et_pb_contact_field][et_pb_contact_field field_id=\u00bbcomunicaciones\u00bb field_title=\u00bbEnv\u00edo de comunicaciones:\u00bb field_type=\u00bbcheckbox\u00bb checkbox_options=\u00bb%91{%22value%22:%22He le\u00eddo la pol\u00edtica de privacidad y acepto el env\u00edo de comunicaciones informativas y publicitarias mediante correo electr\u00f3nico.%22,%22checked%22:0,%22dragID%22:-1,%22link_url%22:%22%22,%22link_text%22:%22%22}%93&#8243; required_mark=\u00bboff\u00bb fullwidth_field=\u00bbon\u00bb _builder_version=\u00bb4.25.1&#8243; _module_preset=\u00bbdefault\u00bb form_field_background_color=\u00bb#F2F5B5&#8243; form_field_text_color=\u00bb#2DC9BF\u00bb form_field_focus_background_color=\u00bb#FFFFFF\u00bb form_field_focus_text_color=\u00bb#FFFFFF\u00bb form_field_font_size=\u00bb12px\u00bb link_option_url=\u00bbhttps:\/\/aepona.es\/index.php\/privacidad\/\u00bb link_option_url_new_window=\u00bbon\u00bb global_colors_info=\u00bb{}\u00bb][\/et_pb_contact_field][\/et_pb_contact_form][\/et_pb_column][et_pb_column type=\u00bb1_5&#8243; _builder_version=\u00bb4.16&#8243; custom_padding=\u00bb|||\u00bb global_colors_info=\u00bb{}\u00bb custom_padding__hover=\u00bb|||\u00bb][\/et_pb_column][\/et_pb_row][et_pb_row _builder_version=\u00bb4.25.1&#8243; _module_preset=\u00bbdefault\u00bb global_colors_info=\u00bb{}\u00bb][et_pb_column type=\u00bb4_4&#8243; _builder_version=\u00bb4.25.1&#8243; _module_preset=\u00bbdefault\u00bb global_colors_info=\u00bb{}\u00bb][et_pb_text _builder_version=\u00bb4.25.1&#8243; _module_preset=\u00bbdefault\u00bb text_font_size=\u00bb10px\u00bb text_line_height=\u00bb1.3em\u00bb locked=\u00bboff\u00bb global_colors_info=\u00bb{}\u00bb]<\/p>\n<p><strong>Responsable<\/strong>: AEPONA (Asociaci\u00f3n Espa\u00f1ola de pacientes con Poliposis Nasal); CIF: G72870413; Direcci\u00f3n: Avenida de Madrid, n\u00famero 48, (Centro de Empresas Alcal\u00e1 Office), 28802 Alcal\u00e1 de Henares (Madrid), Correo electr\u00f3nico: <a href=\"mailto:hola@aepona.es\">hola@aepona.es<\/a> <a href=\"https:\/\/aepona.es\/index.php\/privacidad\/\">+info<\/a> <strong>Finalidad<\/strong>: Prestaci\u00f3n del servicio solicitado por el usuario de p\u00e1gina web; env\u00edo de comunicaciones informativas y publicitarias mediante correo electr\u00f3nico <a href=\"https:\/\/aepona.es\/index.php\/privacidad\/\">+info<\/a>. <strong>Legitimaci\u00f3n<\/strong>: Tratamiento necesario para el mantenimiento de la relaci\u00f3n informativa solicitada por el usuario de la p\u00e1gina web; y su consentimiento para remitir comunicaciones informativas y\/o comerciales <a href=\"https:\/\/aepona.es\/index.php\/privacidad\/\">+info<\/a>. <strong>Destinatarios<\/strong>: No se realizan comunicaciones de datos personales a terceras empresas, salvo obligaci\u00f3n legal <a href=\"https:\/\/aepona.es\/index.php\/privacidad\/\">+info<\/a>. <strong>Derechos<\/strong>: Acceder, rectificar y suprimir los datos, as\u00ed como otros derechos, seg\u00fan se explica en la informaci\u00f3n adicional <a href=\"https:\/\/aepona.es\/index.php\/privacidad\/\">+info<\/a>. Puede consultar la informaci\u00f3n adicional y detallada sobre Protecci\u00f3n de Datos en nuestra p\u00e1gina web: <a href=\"https:\/\/aepona.es\/index.php\/privacidad\/\">https:\/\/aepona.es\/index.php\/privacidad\/<\/a><\/p>\n<p>[\/et_pb_text][\/et_pb_column][\/et_pb_row][\/et_pb_section]<\/p>\n","protected":false},"excerpt":{"rendered":"<p>Contacto \u00bfHablamos?Si tienes alguna duda o quieres formar parte de AEPONA, puedes contactar con nosotros rellenando el siguiente formulario.* Antes de enviar el formulario de contacto con sus datos, debe leer la informaci\u00f3n completa sobre protecci\u00f3n de datos +infoResponsable: AEPONA (Asociaci\u00f3n Espa\u00f1ola de pacientes con Poliposis Nasal); CIF: G72870413; Direcci\u00f3n: Avenida de Madrid, n\u00famero 48, [&hellip;]<\/p>\n","protected":false},"author":1,"featured_media":0,"parent":0,"menu_order":0,"comment_status":"closed","ping_status":"closed","template":"","meta":{"_et_pb_use_builder":"on","_et_pb_old_content":"<!-- wp:divi\/placeholder \/-->","_et_gb_content_width":"","footnotes":""},"class_list":["post-209649","page","type-page","status-publish","hentry"],"_links":{"self":[{"href":"https:\/\/aepona.es\/index.php\/wp-json\/wp\/v2\/pages\/209649","targetHints":{"allow":["GET"]}}],"collection":[{"href":"https:\/\/aepona.es\/index.php\/wp-json\/wp\/v2\/pages"}],"about":[{"href":"https:\/\/aepona.es\/index.php\/wp-json\/wp\/v2\/types\/page"}],"author":[{"embeddable":true,"href":"https:\/\/aepona.es\/index.php\/wp-json\/wp\/v2\/users\/1"}],"replies":[{"embeddable":true,"href":"https:\/\/aepona.es\/index.php\/wp-json\/wp\/v2\/comments?post=209649"}],"version-history":[{"count":15,"href":"https:\/\/aepona.es\/index.php\/wp-json\/wp\/v2\/pages\/209649\/revisions"}],"predecessor-version":[{"id":210005,"href":"https:\/\/aepona.es\/index.php\/wp-json\/wp\/v2\/pages\/209649\/revisions\/210005"}],"wp:attachment":[{"href":"https:\/\/aepona.es\/index.php\/wp-json\/wp\/v2\/media?parent=209649"}],"curies":[{"name":"wp","href":"https:\/\/api.w.org\/{rel}","templated":true}]}}