{"id":209837,"date":"2023-05-23T11:56:58","date_gmt":"2023-05-23T11:56:58","guid":{"rendered":"https:\/\/aepona.es\/?page_id=209837"},"modified":"2023-06-14T09:23:57","modified_gmt":"2023-06-14T07:23:57","slug":"guia-polina","status":"publish","type":"page","link":"https:\/\/aepona.es\/index.php\/guia-polina\/","title":{"rendered":"GU\u00cdA POLINA"},"content":{"rendered":"<p>[et_pb_section fb_built=\u00bb1&#8243; next_background_color=\u00bb#ffffff\u00bb _builder_version=\u00bb4.21.0&#8243; use_background_color_gradient=\u00bbon\u00bb background_color_gradient_type=\u00bbcircular\u00bb background_color_gradient_direction_radial=\u00bbtop left\u00bb background_color_gradient_stops=\u00bbrgba(244,244,244,0.34) 0%|#ffffff 100%\u00bb background_color_gradient_overlays_image=\u00bbon\u00bb background_color_gradient_start=\u00bbrgba(255,227,208,0.7)\u00bb background_color_gradient_start_position=\u00bb50%\u00bb background_color_gradient_end=\u00bbrgba(255,227,208,0.3)\u00bb background_image=\u00bbhttps:\/\/aepona.es\/wp-content\/uploads\/2023\/05\/libros2.jpg\u00bb custom_margin=\u00bb||||false\u00bb custom_padding=\u00bb14vw||4vw||false|false\u00bb bottom_divider_style=\u00bbcurve\u00bb bottom_divider_height=\u00bb2.5vw\u00bb global_colors_info=\u00bb{}\u00bb][et_pb_row _builder_version=\u00bb4.16&#8243; animation_style=\u00bbfade\u00bb global_colors_info=\u00bb{}\u00bb][et_pb_column type=\u00bb4_4&#8243; _builder_version=\u00bb4.16&#8243; custom_padding=\u00bb|||\u00bb global_colors_info=\u00bb{}\u00bb custom_padding__hover=\u00bb|||\u00bb][et_pb_text _builder_version=\u00bb4.21.0&#8243; text_font=\u00bb||||||||\u00bb text_text_color=\u00bb#0C4447&#8243; text_font_size=\u00bb18px\u00bb text_line_height=\u00bb2em\u00bb header_font=\u00bbMontserrat||||||||\u00bb header_text_color=\u00bb#0C4447&#8243; header_font_size=\u00bb50px\u00bb header_line_height=\u00bb1.4em\u00bb text_orientation=\u00bbcenter\u00bb max_width=\u00bb700px\u00bb module_alignment=\u00bbcenter\u00bb header_font_size_tablet=\u00bb40px\u00bb header_font_size_phone=\u00bb32px\u00bb header_font_size_last_edited=\u00bbon|desktop\u00bb global_colors_info=\u00bb{}\u00bb]<\/p>\n<h1>Gu\u00eda POLINA<\/h1>\n<p>\u00a0Documento de consenso sobre rinosunitis cr\u00f3nica con poliposis nasal<\/p>\n<p>[\/et_pb_text][\/et_pb_column][\/et_pb_row][\/et_pb_section][et_pb_section fb_built=\u00bb1&#8243; admin_label=\u00bbFooter\u00bb _builder_version=\u00bb4.16&#8243; custom_padding=\u00bb||6px|||\u00bb global_colors_info=\u00bb{}\u00bb][et_pb_row _builder_version=\u00bb4.16&#8243; locked=\u00bboff\u00bb global_colors_info=\u00bb{}\u00bb][et_pb_column type=\u00bb4_4&#8243; _builder_version=\u00bb4.16&#8243; custom_padding=\u00bb|||\u00bb global_colors_info=\u00bb{}\u00bb custom_padding__hover=\u00bb|||\u00bb][et_pb_text _builder_version=\u00bb4.21.0&#8243; _module_preset=\u00bbdefault\u00bb global_colors_info=\u00bb{}\u00bb]<\/p>\n<p style=\"text-align: center;\"><span>La Gu\u00eda POLINA\u00a0<\/span><strong>se dirige a m\u00e9dicos especialistas en las \u00e1reas de Otorrinolaringolog\u00eda, Alergolog\u00eda y Neumolog\u00eda, y tambi\u00e9n involucra a otras especialidades<\/strong><span>\u00a0incluyendo a los m\u00e9dicos de Atenci\u00f3n Primaria, farmac\u00e9uticos y <strong>pacientes<\/strong>.<\/span><\/p>\n<p>[\/et_pb_text][\/et_pb_column][\/et_pb_row][\/et_pb_section][et_pb_section fb_built=\u00bb1&#8243; _builder_version=\u00bb4.21.0&#8243; _module_preset=\u00bbdefault\u00bb custom_padding=\u00bb0px|||||\u00bb global_colors_info=\u00bb{}\u00bb][et_pb_row _builder_version=\u00bb4.21.0&#8243; _module_preset=\u00bbdefault\u00bb global_colors_info=\u00bb{}\u00bb][et_pb_column type=\u00bb4_4&#8243; _builder_version=\u00bb4.21.0&#8243; _module_preset=\u00bbdefault\u00bb global_colors_info=\u00bb{}\u00bb][et_pb_image src=\u00bbhttps:\/\/aepona.es\/wp-content\/uploads\/2023\/05\/Guia_polina_banner_1100x322.jpg\u00bb url=\u00bbhttps:\/\/www.seorl-polina.com\/identificacion-del-usuario\u00bb url_new_window=\u00bbon\u00bb _builder_version=\u00bb4.21.0&#8243; _module_preset=\u00bbdefault\u00bb custom_margin=\u00bb||115px|||\u00bb hover_enabled=\u00bb0&#8243; global_colors_info=\u00bb{}\u00bb sticky_enabled=\u00bb0&#8243;][\/et_pb_image][\/et_pb_column][\/et_pb_row][\/et_pb_section]<\/p>\n","protected":false},"excerpt":{"rendered":"<p>Gu\u00eda POLINA \u00a0Documento de consenso sobre rinosunitis cr\u00f3nica con poliposis nasalLa Gu\u00eda POLINA\u00a0se dirige a m\u00e9dicos especialistas en las \u00e1reas de Otorrinolaringolog\u00eda, Alergolog\u00eda y Neumolog\u00eda, y tambi\u00e9n involucra a otras especialidades\u00a0incluyendo a los m\u00e9dicos de Atenci\u00f3n Primaria, farmac\u00e9uticos y pacientes.<\/p>\n","protected":false},"author":1,"featured_media":0,"parent":0,"menu_order":0,"comment_status":"closed","ping_status":"closed","template":"","meta":{"_et_pb_use_builder":"on","_et_pb_old_content":"","_et_gb_content_width":"","footnotes":""},"class_list":["post-209837","page","type-page","status-publish","hentry"],"_links":{"self":[{"href":"https:\/\/aepona.es\/index.php\/wp-json\/wp\/v2\/pages\/209837","targetHints":{"allow":["GET"]}}],"collection":[{"href":"https:\/\/aepona.es\/index.php\/wp-json\/wp\/v2\/pages"}],"about":[{"href":"https:\/\/aepona.es\/index.php\/wp-json\/wp\/v2\/types\/page"}],"author":[{"embeddable":true,"href":"https:\/\/aepona.es\/index.php\/wp-json\/wp\/v2\/users\/1"}],"replies":[{"embeddable":true,"href":"https:\/\/aepona.es\/index.php\/wp-json\/wp\/v2\/comments?post=209837"}],"version-history":[{"count":6,"href":"https:\/\/aepona.es\/index.php\/wp-json\/wp\/v2\/pages\/209837\/revisions"}],"predecessor-version":[{"id":209871,"href":"https:\/\/aepona.es\/index.php\/wp-json\/wp\/v2\/pages\/209837\/revisions\/209871"}],"wp:attachment":[{"href":"https:\/\/aepona.es\/index.php\/wp-json\/wp\/v2\/media?parent=209837"}],"curies":[{"name":"wp","href":"https:\/\/api.w.org\/{rel}","templated":true}]}}